{"id":366,"date":"2022-02-17T14:48:30","date_gmt":"2022-02-17T21:48:30","guid":{"rendered":"https:\/\/bajadiving.com\/?page_id=366"},"modified":"2022-03-29T11:59:13","modified_gmt":"2022-03-29T18:59:13","slug":"isla-cerralvo","status":"publish","type":"page","link":"https:\/\/bajadiving.com\/es\/isla-cerralvo\/","title":{"rendered":"Isla Cerralvo"},"content":{"rendered":"<div data-elementor-type=\"wp-page\" data-elementor-id=\"366\" class=\"elementor elementor-366\">\n\t\t\t\t\t\t<section class=\"elementor-section elementor-top-section elementor-element elementor-element-ac024a8 elementor-section-stretched elementor-section-boxed elementor-section-height-default elementor-section-height-default\" data-id=\"ac024a8\" data-element_type=\"section\" data-settings=\"{&quot;stretch_section&quot;:&quot;section-stretched&quot;,&quot;background_background&quot;:&quot;classic&quot;,&quot;jet_parallax_layout_list&quot;:[]}\">\n\t\t\t\t\t\t\t<div class=\"elementor-background-overlay\"><\/div>\n\t\t\t\t\t\t\t<div class=\"elementor-container elementor-column-gap-default\">\n\t\t\t\t\t<div class=\"elementor-column elementor-col-100 elementor-top-column elementor-element elementor-element-a4ec67d\" data-id=\"a4ec67d\" data-element_type=\"column\">\n\t\t\t<div class=\"elementor-widget-wrap elementor-element-populated\">\n\t\t\t\t\t\t<div class=\"elementor-element elementor-element-21fc825 elementor-widget elementor-widget-heading\" data-id=\"21fc825\" data-element_type=\"widget\" data-widget_type=\"heading.default\">\n\t\t\t\t<div class=\"elementor-widget-container\">\n\t\t\t<style>\/*! elementor - v3.21.0 - 08-05-2024 *\/\n.elementor-heading-title{padding:0;margin:0;line-height:1}.elementor-widget-heading .elementor-heading-title[class*=elementor-size-]>a{color:inherit;font-size:inherit;line-height:inherit}.elementor-widget-heading .elementor-heading-title.elementor-size-small{font-size:15px}.elementor-widget-heading .elementor-heading-title.elementor-size-medium{font-size:19px}.elementor-widget-heading .elementor-heading-title.elementor-size-large{font-size:29px}.elementor-widget-heading .elementor-heading-title.elementor-size-xl{font-size:39px}.elementor-widget-heading .elementor-heading-title.elementor-size-xxl{font-size:59px}<\/style><h2 class=\"elementor-heading-title elementor-size-default\">Sitios de Buceo en Isla Cerralvo<\/h2>\t\t<\/div>\n\t\t\t\t<\/div>\n\t\t\t\t<div class=\"elementor-element elementor-element-88f0181 elementor-widget elementor-widget-text-editor\" data-id=\"88f0181\" data-element_type=\"widget\" data-widget_type=\"text-editor.default\">\n\t\t\t\t<div class=\"elementor-widget-container\">\n\t\t\t<style>\/*! elementor - v3.21.0 - 08-05-2024 *\/\n.elementor-widget-text-editor.elementor-drop-cap-view-stacked .elementor-drop-cap{background-color:#69727d;color:#fff}.elementor-widget-text-editor.elementor-drop-cap-view-framed .elementor-drop-cap{color:#69727d;border:3px solid;background-color:transparent}.elementor-widget-text-editor:not(.elementor-drop-cap-view-default) .elementor-drop-cap{margin-top:8px}.elementor-widget-text-editor:not(.elementor-drop-cap-view-default) .elementor-drop-cap-letter{width:1em;height:1em}.elementor-widget-text-editor .elementor-drop-cap{float:left;text-align:center;line-height:1;font-size:50px}.elementor-widget-text-editor .elementor-drop-cap-letter{display:inline-block}<\/style>\t\t\t\tPuedes encontrar un poco de informaci\u00f3n sobre los lugares disponibles para bucear.\t\t\t\t\t\t<\/div>\n\t\t\t\t<\/div>\n\t\t\t\t\t<\/div>\n\t\t<\/div>\n\t\t\t\t\t<\/div>\n\t\t<\/section>\n\t\t\t\t<section class=\"elementor-section elementor-top-section elementor-element elementor-element-8b4ab99 elementor-section-boxed elementor-section-height-default elementor-section-height-default\" data-id=\"8b4ab99\" data-element_type=\"section\" data-settings=\"{&quot;jet_parallax_layout_list&quot;:[]}\">\n\t\t\t\t\t\t<div class=\"elementor-container elementor-column-gap-default\">\n\t\t\t\t\t<div class=\"elementor-column elementor-col-50 elementor-top-column elementor-element elementor-element-1686dea\" data-id=\"1686dea\" data-element_type=\"column\">\n\t\t\t<div class=\"elementor-widget-wrap elementor-element-populated\">\n\t\t\t\t\t\t<div class=\"elementor-element elementor-element-c96842a elementor-widget elementor-widget-image\" data-id=\"c96842a\" data-element_type=\"widget\" data-widget_type=\"image.default\">\n\t\t\t\t<div class=\"elementor-widget-container\">\n\t\t\t<style>\/*! elementor - v3.21.0 - 08-05-2024 *\/\n.elementor-widget-image{text-align:center}.elementor-widget-image a{display:inline-block}.elementor-widget-image a img[src$=\".svg\"]{width:48px}.elementor-widget-image img{vertical-align:middle;display:inline-block}<\/style>\t\t\t\t\t\t\t\t\t\t<img fetchpriority=\"high\" decoding=\"async\" width=\"600\" height=\"400\" src=\"https:\/\/bajadiving.com\/wp-content\/uploads\/2022\/02\/diving_sites_isla_cerralvo_img_1.jpg\" class=\"attachment-full size-full wp-image-467\" alt=\"\" srcset=\"https:\/\/bajadiving.com\/wp-content\/uploads\/2022\/02\/diving_sites_isla_cerralvo_img_1.jpg 600w, https:\/\/bajadiving.com\/wp-content\/uploads\/2022\/02\/diving_sites_isla_cerralvo_img_1-300x200.jpg 300w, https:\/\/bajadiving.com\/wp-content\/uploads\/2022\/02\/diving_sites_isla_cerralvo_img_1-18x12.jpg 18w\" sizes=\"(max-width: 600px) 100vw, 600px\" \/>\t\t\t\t\t\t\t\t\t\t\t\t\t<\/div>\n\t\t\t\t<\/div>\n\t\t\t\t\t<\/div>\n\t\t<\/div>\n\t\t\t\t<div class=\"elementor-column elementor-col-50 elementor-top-column elementor-element elementor-element-6f4b456\" data-id=\"6f4b456\" data-element_type=\"column\">\n\t\t\t<div class=\"elementor-widget-wrap elementor-element-populated\">\n\t\t\t\t\t\t<div class=\"elementor-element elementor-element-3279912 elementor-widget elementor-widget-image\" data-id=\"3279912\" data-element_type=\"widget\" data-widget_type=\"image.default\">\n\t\t\t\t<div class=\"elementor-widget-container\">\n\t\t\t\t\t\t\t\t\t\t\t\t\t<img decoding=\"async\" width=\"158\" height=\"90\" src=\"https:\/\/bajadiving.com\/wp-content\/uploads\/2022\/02\/separador_baja_diving.png\" class=\"attachment-full size-full wp-image-75\" alt=\"\" \/>\t\t\t\t\t\t\t\t\t\t\t\t\t<\/div>\n\t\t\t\t<\/div>\n\t\t\t\t<div class=\"elementor-element elementor-element-00770cb elementor-widget elementor-widget-heading\" data-id=\"00770cb\" data-element_type=\"widget\" data-widget_type=\"heading.default\">\n\t\t\t\t<div class=\"elementor-widget-container\">\n\t\t\t<h1 class=\"elementor-heading-title elementor-size-default\">La Reina<\/h1>\t\t<\/div>\n\t\t\t\t<\/div>\n\t\t\t\t<div class=\"elementor-element elementor-element-d90773d elementor-widget elementor-widget-text-editor\" data-id=\"d90773d\" data-element_type=\"widget\" data-widget_type=\"text-editor.default\">\n\t\t\t\t<div class=\"elementor-widget-container\">\n\t\t\t\t\t\t\tUn islote rocoso justo al norte de Isla Cerralvo con un faro. Este sitio es uno de los m\u00e1s bellos de la zona. En profundidades de 80 pies (25 metros) se encuentra un gran arrecife, poblado por Gorgonias de todo tipo, Corales Cerebro, grandes card\u00famenes de peces tropicales de colores brillantes. Especies pel\u00e1gicas como el at\u00fan, peto, dorado, tiburones martillo y cola amarilla tambi\u00e9n son conocidas por aparecer ocasionalmente.\t\t\t\t\t\t<\/div>\n\t\t\t\t<\/div>\n\t\t\t\t\t<\/div>\n\t\t<\/div>\n\t\t\t\t\t<\/div>\n\t\t<\/section>\n\t\t\t\t<section class=\"elementor-section elementor-top-section elementor-element elementor-element-085d4ce elementor-reverse-mobile elementor-section-boxed elementor-section-height-default elementor-section-height-default\" data-id=\"085d4ce\" data-element_type=\"section\" data-settings=\"{&quot;jet_parallax_layout_list&quot;:[]}\">\n\t\t\t\t\t\t<div class=\"elementor-container elementor-column-gap-default\">\n\t\t\t\t\t<div class=\"elementor-column elementor-col-50 elementor-top-column elementor-element elementor-element-f01ffcc\" data-id=\"f01ffcc\" data-element_type=\"column\">\n\t\t\t<div class=\"elementor-widget-wrap elementor-element-populated\">\n\t\t\t\t\t\t<div class=\"elementor-element elementor-element-20a41fb elementor-widget elementor-widget-image\" data-id=\"20a41fb\" data-element_type=\"widget\" data-widget_type=\"image.default\">\n\t\t\t\t<div class=\"elementor-widget-container\">\n\t\t\t\t\t\t\t\t\t\t\t\t\t<img decoding=\"async\" width=\"158\" height=\"90\" src=\"https:\/\/bajadiving.com\/wp-content\/uploads\/2022\/02\/separador_baja_diving.png\" class=\"attachment-full size-full wp-image-75\" alt=\"\" \/>\t\t\t\t\t\t\t\t\t\t\t\t\t<\/div>\n\t\t\t\t<\/div>\n\t\t\t\t<div class=\"elementor-element elementor-element-5d9f011 elementor-widget elementor-widget-heading\" data-id=\"5d9f011\" data-element_type=\"widget\" data-widget_type=\"heading.default\">\n\t\t\t\t<div class=\"elementor-widget-container\">\n\t\t\t<h1 class=\"elementor-heading-title elementor-size-default\">La Reynita<\/h1>\t\t<\/div>\n\t\t\t\t<\/div>\n\t\t\t\t<div class=\"elementor-element elementor-element-8a4e91e elementor-widget elementor-widget-text-editor\" data-id=\"8a4e91e\" data-element_type=\"widget\" data-widget_type=\"text-editor.default\">\n\t\t\t\t<div class=\"elementor-widget-container\">\n\t\t\t\t\t\t\tEste peque\u00f1o pin\u00e1culo rocoso ubicado en el lado oeste de Isla Cerralvo tiene una corriente constante en la que se encuentran card\u00famenes de peces que incluyen: meros grandes, abanicos de mar, corales cerebro y congrios de jard\u00edn. Adem\u00e1s, el \u00e1rea es visitada ocasionalmente por las mantas gigantes del Pac\u00edfico con alas de m\u00e1s de 12 pies de largo que normalmente solo se pueden ver en la isla Socorro, al sur de Cabo San Lucas.\t\t\t\t\t\t<\/div>\n\t\t\t\t<\/div>\n\t\t\t\t\t<\/div>\n\t\t<\/div>\n\t\t\t\t<div class=\"elementor-column elementor-col-50 elementor-top-column elementor-element elementor-element-77a15d4\" data-id=\"77a15d4\" data-element_type=\"column\">\n\t\t\t<div class=\"elementor-widget-wrap elementor-element-populated\">\n\t\t\t\t\t\t<div class=\"elementor-element elementor-element-544ddf5 elementor-widget elementor-widget-image\" data-id=\"544ddf5\" data-element_type=\"widget\" data-widget_type=\"image.default\">\n\t\t\t\t<div class=\"elementor-widget-container\">\n\t\t\t\t\t\t\t\t\t\t\t\t\t<img decoding=\"async\" width=\"600\" height=\"400\" src=\"https:\/\/bajadiving.com\/wp-content\/uploads\/2022\/02\/diving_sites_isla_cerralvo_img_2.jpg\" class=\"attachment-full size-full wp-image-469\" alt=\"\" srcset=\"https:\/\/bajadiving.com\/wp-content\/uploads\/2022\/02\/diving_sites_isla_cerralvo_img_2.jpg 600w, https:\/\/bajadiving.com\/wp-content\/uploads\/2022\/02\/diving_sites_isla_cerralvo_img_2-300x200.jpg 300w, https:\/\/bajadiving.com\/wp-content\/uploads\/2022\/02\/diving_sites_isla_cerralvo_img_2-18x12.jpg 18w\" sizes=\"(max-width: 600px) 100vw, 600px\" \/>\t\t\t\t\t\t\t\t\t\t\t\t\t<\/div>\n\t\t\t\t<\/div>\n\t\t\t\t\t<\/div>\n\t\t<\/div>\n\t\t\t\t\t<\/div>\n\t\t<\/section>\n\t\t\t\t<section class=\"elementor-section elementor-top-section elementor-element elementor-element-07276bb elementor-section-boxed elementor-section-height-default elementor-section-height-default\" data-id=\"07276bb\" data-element_type=\"section\" data-settings=\"{&quot;jet_parallax_layout_list&quot;:[]}\">\n\t\t\t\t\t\t<div class=\"elementor-container elementor-column-gap-default\">\n\t\t\t\t\t<div class=\"elementor-column elementor-col-50 elementor-top-column elementor-element elementor-element-e346889\" data-id=\"e346889\" data-element_type=\"column\">\n\t\t\t<div class=\"elementor-widget-wrap elementor-element-populated\">\n\t\t\t\t\t\t<div class=\"elementor-element elementor-element-155d8f8 elementor-widget elementor-widget-image\" data-id=\"155d8f8\" data-element_type=\"widget\" data-widget_type=\"image.default\">\n\t\t\t\t<div class=\"elementor-widget-container\">\n\t\t\t\t\t\t\t\t\t\t\t\t\t<img loading=\"lazy\" decoding=\"async\" width=\"600\" height=\"400\" src=\"https:\/\/bajadiving.com\/wp-content\/uploads\/2022\/02\/diving_sites_isla_cerralvo_img_3.jpg\" class=\"attachment-full size-full wp-image-470\" alt=\"\" srcset=\"https:\/\/bajadiving.com\/wp-content\/uploads\/2022\/02\/diving_sites_isla_cerralvo_img_3.jpg 600w, https:\/\/bajadiving.com\/wp-content\/uploads\/2022\/02\/diving_sites_isla_cerralvo_img_3-300x200.jpg 300w, https:\/\/bajadiving.com\/wp-content\/uploads\/2022\/02\/diving_sites_isla_cerralvo_img_3-18x12.jpg 18w\" sizes=\"(max-width: 600px) 100vw, 600px\" \/>\t\t\t\t\t\t\t\t\t\t\t\t\t<\/div>\n\t\t\t\t<\/div>\n\t\t\t\t\t<\/div>\n\t\t<\/div>\n\t\t\t\t<div class=\"elementor-column elementor-col-50 elementor-top-column elementor-element elementor-element-561254e\" data-id=\"561254e\" data-element_type=\"column\">\n\t\t\t<div class=\"elementor-widget-wrap elementor-element-populated\">\n\t\t\t\t\t\t<div class=\"elementor-element elementor-element-57cd2a0 elementor-widget elementor-widget-image\" data-id=\"57cd2a0\" data-element_type=\"widget\" data-widget_type=\"image.default\">\n\t\t\t\t<div class=\"elementor-widget-container\">\n\t\t\t\t\t\t\t\t\t\t\t\t\t<img decoding=\"async\" width=\"158\" height=\"90\" src=\"https:\/\/bajadiving.com\/wp-content\/uploads\/2022\/02\/separador_baja_diving.png\" class=\"attachment-full size-full wp-image-75\" alt=\"\" \/>\t\t\t\t\t\t\t\t\t\t\t\t\t<\/div>\n\t\t\t\t<\/div>\n\t\t\t\t<div class=\"elementor-element elementor-element-9f4afb3 elementor-widget elementor-widget-heading\" data-id=\"9f4afb3\" data-element_type=\"widget\" data-widget_type=\"heading.default\">\n\t\t\t\t<div class=\"elementor-widget-container\">\n\t\t\t<h1 class=\"elementor-heading-title elementor-size-default\">La Punta Norte<\/h1>\t\t<\/div>\n\t\t\t\t<\/div>\n\t\t\t\t<div class=\"elementor-element elementor-element-34acc7f elementor-widget elementor-widget-text-editor\" data-id=\"34acc7f\" data-element_type=\"widget\" data-widget_type=\"text-editor.default\">\n\t\t\t\t<div class=\"elementor-widget-container\">\n\t\t\t\t\t\t\tEste es el punto norte de la isla Cerralvo y una hermosa inmersi\u00f3n. Con una profundidad m\u00e1xima de 60 pies (18 metros), encontramos un arrecife con forma de laberinto lleno de vida. Entre los Coral Heads juegan Sea Turtles, Mexican Barracuda, Morray Eels y Shoals of Sargento Mayor.\t\t\t\t\t\t<\/div>\n\t\t\t\t<\/div>\n\t\t\t\t\t<\/div>\n\t\t<\/div>\n\t\t\t\t\t<\/div>\n\t\t<\/section>\n\t\t\t\t<section class=\"elementor-section elementor-top-section elementor-element elementor-element-fdb201a elementor-section-stretched elementor-section-boxed elementor-section-height-default elementor-section-height-default\" data-id=\"fdb201a\" data-element_type=\"section\" data-settings=\"{&quot;stretch_section&quot;:&quot;section-stretched&quot;,&quot;background_background&quot;:&quot;classic&quot;,&quot;shape_divider_bottom&quot;:&quot;mountains&quot;,&quot;jet_parallax_layout_list&quot;:[]}\">\n\t\t\t\t\t\t\t<div class=\"elementor-background-overlay\"><\/div>\n\t\t\t\t\t\t<div class=\"elementor-shape elementor-shape-bottom\" data-negative=\"false\">\n\t\t\t<svg xmlns=\"http:\/\/www.w3.org\/2000\/svg\" viewbox=\"0 0 1000 100\" preserveaspectratio=\"none\">\n\t<path class=\"elementor-shape-fill\" opacity=\"0.33\" d=\"M473,67.3c-203.9,88.3-263.1-34-320.3,0C66,119.1,0,59.7,0,59.7V0h1000v59.7 c0,0-62.1,26.1-94.9,29.3c-32.8,3.3-62.8-12.3-75.8-22.1C806,49.6,745.3,8.7,694.9,4.7S492.4,59,473,67.3z\"\/>\n\t<path class=\"elementor-shape-fill\" opacity=\"0.66\" d=\"M734,67.3c-45.5,0-77.2-23.2-129.1-39.1c-28.6-8.7-150.3-10.1-254,39.1 s-91.7-34.4-149.2,0C115.7,118.3,0,39.8,0,39.8V0h1000v36.5c0,0-28.2-18.5-92.1-18.5C810.2,18.1,775.7,67.3,734,67.3z\"\/>\n\t<path class=\"elementor-shape-fill\" d=\"M766.1,28.9c-200-57.5-266,65.5-395.1,19.5C242,1.8,242,5.4,184.8,20.6C128,35.8,132.3,44.9,89.9,52.5C28.6,63.7,0,0,0,0 h1000c0,0-9.9,40.9-83.6,48.1S829.6,47,766.1,28.9z\"\/>\n<\/svg>\t\t<\/div>\n\t\t\t\t\t<div class=\"elementor-container elementor-column-gap-default\">\n\t\t\t\t\t<div class=\"elementor-column elementor-col-100 elementor-top-column elementor-element elementor-element-de6d64f\" data-id=\"de6d64f\" data-element_type=\"column\">\n\t\t\t<div class=\"elementor-widget-wrap elementor-element-populated\">\n\t\t\t\t\t\t<div class=\"elementor-element elementor-element-16b4826 elementor-widget elementor-widget-image\" data-id=\"16b4826\" data-element_type=\"widget\" data-widget_type=\"image.default\">\n\t\t\t\t<div class=\"elementor-widget-container\">\n\t\t\t\t\t\t\t\t\t\t\t\t\t<img decoding=\"async\" width=\"158\" height=\"90\" src=\"https:\/\/bajadiving.com\/wp-content\/uploads\/2022\/02\/separador_baja_diving.png\" class=\"attachment-full size-full wp-image-75\" alt=\"\" \/>\t\t\t\t\t\t\t\t\t\t\t\t\t<\/div>\n\t\t\t\t<\/div>\n\t\t\t\t<div class=\"elementor-element elementor-element-ebfc624 elementor-widget elementor-widget-heading\" data-id=\"ebfc624\" data-element_type=\"widget\" data-widget_type=\"heading.default\">\n\t\t\t\t<div class=\"elementor-widget-container\">\n\t\t\t<h2 class=\"elementor-heading-title elementor-size-default\">Quieres empezar<\/h2>\t\t<\/div>\n\t\t\t\t<\/div>\n\t\t\t\t<div class=\"elementor-element elementor-element-ef35282 elementor-widget elementor-widget-heading\" data-id=\"ef35282\" data-element_type=\"widget\" data-widget_type=\"heading.default\">\n\t\t\t\t<div class=\"elementor-widget-container\">\n\t\t\t<h2 class=\"elementor-heading-title elementor-size-default\">a bucear ahora?<\/h2>\t\t<\/div>\n\t\t\t\t<\/div>\n\t\t\t\t<div class=\"elementor-element elementor-element-37f6746 elementor-widget elementor-widget-text-editor\" data-id=\"37f6746\" data-element_type=\"widget\" data-widget_type=\"text-editor.default\">\n\t\t\t\t<div class=\"elementor-widget-container\">\n\t\t\t\t\t\t\t<p>Queremos tratarte de la misma manera que nos gusta que nos traten cuando nos vamos de vacaciones de buceo: en familia, en un ambiente c\u00e1lido y acogedor. Nuestro galardonado resort de buceo privado se administra de acuerdo con nuestros principios personales, as\u00ed como con los est\u00e1ndares internacionales de seguridad y capacitaci\u00f3n.<\/p>\t\t\t\t\t\t<\/div>\n\t\t\t\t<\/div>\n\t\t\t\t<div class=\"elementor-element elementor-element-337f3fd elementor-align-center elementor-widget elementor-widget-button\" data-id=\"337f3fd\" data-element_type=\"widget\" data-widget_type=\"button.default\">\n\t\t\t\t<div class=\"elementor-widget-container\">\n\t\t\t\t\t<div class=\"elementor-button-wrapper\">\n\t\t\t<a class=\"elementor-button elementor-button-link elementor-size-sm\" href=\"https:\/\/book.peek.com\/s\/ae392bef-42cf-4c7a-a99c-e96c1bb258c1\/xqkyz?gaClientId=776729147.1644943215\">\n\t\t\t\t\t\t<span class=\"elementor-button-content-wrapper\">\n\t\t\t\t\t\t<span class=\"elementor-button-icon elementor-align-icon-left\">\n\t\t\t\t<i aria-hidden=\"true\" class=\"far fa-calendar-check\"><\/i>\t\t\t<\/span>\n\t\t\t\t\t\t\t\t\t<span class=\"elementor-button-text\">RESERVA UN CURSO EN L\u00cdNEA<\/span>\n\t\t\t\t\t<\/span>\n\t\t\t\t\t<\/a>\n\t\t<\/div>\n\t\t\t\t<\/div>\n\t\t\t\t<\/div>\n\t\t\t\t\t<\/div>\n\t\t<\/div>\n\t\t\t\t\t<\/div>\n\t\t<\/section>\n\t\t\t\t<\/div>","protected":false},"excerpt":{"rendered":"<p>Isla Cerralvo Dive Sites You can find a little information about the places available for diving. La Reina A rock islet just North of Isla Cerralvo with a lighthouse. This site is among the most beautiful in the area. In depths of 80ft (25 meters) a large reef is found , populated by Gorgonias of [&hellip;]<\/p>","protected":false},"author":1,"featured_media":0,"parent":0,"menu_order":0,"comment_status":"closed","ping_status":"closed","template":"elementor_header_footer","meta":{"_acf_changed":false,"footnotes":""},"class_list":["post-366","page","type-page","status-publish","hentry"],"acf":[],"yoast_head":"<!-- This site is optimized with the Yoast SEO plugin v22.7 - https:\/\/yoast.com\/wordpress\/plugins\/seo\/ -->\n<title>Isla Cerralvo - Baja Diving<\/title>\n<meta name=\"robots\" content=\"index, follow, max-snippet:-1, max-image-preview:large, max-video-preview:-1\" \/>\n<link rel=\"canonical\" href=\"https:\/\/bajadiving.com\/es\/isla-cerralvo\/\" \/>\n<meta property=\"og:locale\" content=\"es_MX\" \/>\n<meta property=\"og:type\" content=\"article\" \/>\n<meta property=\"og:title\" content=\"Isla Cerralvo - Baja Diving\" \/>\n<meta property=\"og:description\" content=\"Isla Cerralvo Dive Sites You can find a little information about the places available for diving. La Reina A rock islet just North of Isla Cerralvo with a lighthouse. This site is among the most beautiful in the area. In depths of 80ft (25 meters) a large reef is found , populated by Gorgonias of [&hellip;]\" \/>\n<meta property=\"og:url\" content=\"https:\/\/bajadiving.com\/es\/isla-cerralvo\/\" \/>\n<meta property=\"og:site_name\" content=\"Baja Diving\" \/>\n<meta property=\"article:publisher\" content=\"https:\/\/www.facebook.com\/thecortezclub\/\" \/>\n<meta property=\"article:modified_time\" content=\"2022-03-29T18:59:13+00:00\" \/>\n<meta property=\"og:image\" content=\"https:\/\/bajadiving.com\/wp-content\/uploads\/2022\/02\/diving_sites_isla_cerralvo_img_1.jpg\" \/>\n<meta name=\"twitter:card\" content=\"summary_large_image\" \/>\n<meta name=\"twitter:site\" content=\"@cortezclub\" \/>\n<meta name=\"twitter:label1\" content=\"Tiempo de lectura\" \/>\n\t<meta name=\"twitter:data1\" content=\"1 minuto\" \/>\n<script type=\"application\/ld+json\" class=\"yoast-schema-graph\">{\"@context\":\"https:\/\/schema.org\",\"@graph\":[{\"@type\":\"WebPage\",\"@id\":\"https:\/\/bajadiving.com\/isla-cerralvo\/\",\"url\":\"https:\/\/bajadiving.com\/isla-cerralvo\/\",\"name\":\"Isla Cerralvo - Baja Diving\",\"isPartOf\":{\"@id\":\"https:\/\/bajadiving.com\/#website\"},\"primaryImageOfPage\":{\"@id\":\"https:\/\/bajadiving.com\/isla-cerralvo\/#primaryimage\"},\"image\":{\"@id\":\"https:\/\/bajadiving.com\/isla-cerralvo\/#primaryimage\"},\"thumbnailUrl\":\"https:\/\/bajadiving.com\/wp-content\/uploads\/2022\/02\/diving_sites_isla_cerralvo_img_1.jpg\",\"datePublished\":\"2022-02-17T21:48:30+00:00\",\"dateModified\":\"2022-03-29T18:59:13+00:00\",\"breadcrumb\":{\"@id\":\"https:\/\/bajadiving.com\/isla-cerralvo\/#breadcrumb\"},\"inLanguage\":\"es\",\"potentialAction\":[{\"@type\":\"ReadAction\",\"target\":[\"https:\/\/bajadiving.com\/isla-cerralvo\/\"]}]},{\"@type\":\"ImageObject\",\"inLanguage\":\"es\",\"@id\":\"https:\/\/bajadiving.com\/isla-cerralvo\/#primaryimage\",\"url\":\"https:\/\/bajadiving.com\/wp-content\/uploads\/2022\/02\/diving_sites_isla_cerralvo_img_1.jpg\",\"contentUrl\":\"https:\/\/bajadiving.com\/wp-content\/uploads\/2022\/02\/diving_sites_isla_cerralvo_img_1.jpg\"},{\"@type\":\"BreadcrumbList\",\"@id\":\"https:\/\/bajadiving.com\/isla-cerralvo\/#breadcrumb\",\"itemListElement\":[{\"@type\":\"ListItem\",\"position\":1,\"name\":\"Home\",\"item\":\"https:\/\/bajadiving.com\/\"},{\"@type\":\"ListItem\",\"position\":2,\"name\":\"Isla Cerralvo\"}]},{\"@type\":\"WebSite\",\"@id\":\"https:\/\/bajadiving.com\/#website\",\"url\":\"https:\/\/bajadiving.com\/\",\"name\":\"Baja Diving\",\"description\":\"Scuba Diving Courses in Baja California\",\"potentialAction\":[{\"@type\":\"SearchAction\",\"target\":{\"@type\":\"EntryPoint\",\"urlTemplate\":\"https:\/\/bajadiving.com\/?s={search_term_string}\"},\"query-input\":\"required name=search_term_string\"}],\"inLanguage\":\"es\"}]}<\/script>\n<!-- \/ Yoast SEO plugin. -->","yoast_head_json":{"title":"Isla Cerralvo - Baja Diving","robots":{"index":"index","follow":"follow","max-snippet":"max-snippet:-1","max-image-preview":"max-image-preview:large","max-video-preview":"max-video-preview:-1"},"canonical":"https:\/\/bajadiving.com\/es\/isla-cerralvo\/","og_locale":"es_MX","og_type":"article","og_title":"Isla Cerralvo - Baja Diving","og_description":"Isla Cerralvo Dive Sites You can find a little information about the places available for diving. La Reina A rock islet just North of Isla Cerralvo with a lighthouse. This site is among the most beautiful in the area. In depths of 80ft (25 meters) a large reef is found , populated by Gorgonias of [&hellip;]","og_url":"https:\/\/bajadiving.com\/es\/isla-cerralvo\/","og_site_name":"Baja Diving","article_publisher":"https:\/\/www.facebook.com\/thecortezclub\/","article_modified_time":"2022-03-29T18:59:13+00:00","og_image":[{"url":"https:\/\/bajadiving.com\/wp-content\/uploads\/2022\/02\/diving_sites_isla_cerralvo_img_1.jpg"}],"twitter_card":"summary_large_image","twitter_site":"@cortezclub","twitter_misc":{"Tiempo de lectura":"1 minuto"},"schema":{"@context":"https:\/\/schema.org","@graph":[{"@type":"WebPage","@id":"https:\/\/bajadiving.com\/isla-cerralvo\/","url":"https:\/\/bajadiving.com\/isla-cerralvo\/","name":"Isla Cerralvo - Baja Diving","isPartOf":{"@id":"https:\/\/bajadiving.com\/#website"},"primaryImageOfPage":{"@id":"https:\/\/bajadiving.com\/isla-cerralvo\/#primaryimage"},"image":{"@id":"https:\/\/bajadiving.com\/isla-cerralvo\/#primaryimage"},"thumbnailUrl":"https:\/\/bajadiving.com\/wp-content\/uploads\/2022\/02\/diving_sites_isla_cerralvo_img_1.jpg","datePublished":"2022-02-17T21:48:30+00:00","dateModified":"2022-03-29T18:59:13+00:00","breadcrumb":{"@id":"https:\/\/bajadiving.com\/isla-cerralvo\/#breadcrumb"},"inLanguage":"es","potentialAction":[{"@type":"ReadAction","target":["https:\/\/bajadiving.com\/isla-cerralvo\/"]}]},{"@type":"ImageObject","inLanguage":"es","@id":"https:\/\/bajadiving.com\/isla-cerralvo\/#primaryimage","url":"https:\/\/bajadiving.com\/wp-content\/uploads\/2022\/02\/diving_sites_isla_cerralvo_img_1.jpg","contentUrl":"https:\/\/bajadiving.com\/wp-content\/uploads\/2022\/02\/diving_sites_isla_cerralvo_img_1.jpg"},{"@type":"BreadcrumbList","@id":"https:\/\/bajadiving.com\/isla-cerralvo\/#breadcrumb","itemListElement":[{"@type":"ListItem","position":1,"name":"Home","item":"https:\/\/bajadiving.com\/"},{"@type":"ListItem","position":2,"name":"Isla Cerralvo"}]},{"@type":"WebSite","@id":"https:\/\/bajadiving.com\/#website","url":"https:\/\/bajadiving.com\/","name":"Baja Diving","description":"Scuba Diving Courses in Baja California","potentialAction":[{"@type":"SearchAction","target":{"@type":"EntryPoint","urlTemplate":"https:\/\/bajadiving.com\/?s={search_term_string}"},"query-input":"required name=search_term_string"}],"inLanguage":"es"}]}},"_links":{"self":[{"href":"https:\/\/bajadiving.com\/es\/wp-json\/wp\/v2\/pages\/366","targetHints":{"allow":["GET"]}}],"collection":[{"href":"https:\/\/bajadiving.com\/es\/wp-json\/wp\/v2\/pages"}],"about":[{"href":"https:\/\/bajadiving.com\/es\/wp-json\/wp\/v2\/types\/page"}],"author":[{"embeddable":true,"href":"https:\/\/bajadiving.com\/es\/wp-json\/wp\/v2\/users\/1"}],"replies":[{"embeddable":true,"href":"https:\/\/bajadiving.com\/es\/wp-json\/wp\/v2\/comments?post=366"}],"version-history":[{"count":7,"href":"https:\/\/bajadiving.com\/es\/wp-json\/wp\/v2\/pages\/366\/revisions"}],"predecessor-version":[{"id":735,"href":"https:\/\/bajadiving.com\/es\/wp-json\/wp\/v2\/pages\/366\/revisions\/735"}],"wp:attachment":[{"href":"https:\/\/bajadiving.com\/es\/wp-json\/wp\/v2\/media?parent=366"}],"curies":[{"name":"wp","href":"https:\/\/api.w.org\/{rel}","templated":true}]}}