{"id":360,"date":"2022-02-17T14:47:36","date_gmt":"2022-02-17T21:47:36","guid":{"rendered":"https:\/\/bajadiving.com\/?page_id=360"},"modified":"2022-03-29T11:42:10","modified_gmt":"2022-03-29T18:42:10","slug":"la-paz","status":"publish","type":"page","link":"https:\/\/bajadiving.com\/es\/la-paz\/","title":{"rendered":"La Paz"},"content":{"rendered":"<div data-elementor-type=\"wp-page\" data-elementor-id=\"360\" class=\"elementor elementor-360\">\n\t\t\t\t\t\t<section class=\"elementor-section elementor-top-section elementor-element elementor-element-28f93b9 elementor-section-stretched elementor-section-boxed elementor-section-height-default elementor-section-height-default\" data-id=\"28f93b9\" data-element_type=\"section\" data-settings=\"{&quot;stretch_section&quot;:&quot;section-stretched&quot;,&quot;background_background&quot;:&quot;classic&quot;,&quot;jet_parallax_layout_list&quot;:[]}\">\n\t\t\t\t\t\t\t<div class=\"elementor-background-overlay\"><\/div>\n\t\t\t\t\t\t\t<div class=\"elementor-container elementor-column-gap-default\">\n\t\t\t\t\t<div class=\"elementor-column elementor-col-100 elementor-top-column elementor-element elementor-element-9fff1a9\" data-id=\"9fff1a9\" data-element_type=\"column\">\n\t\t\t<div class=\"elementor-widget-wrap elementor-element-populated\">\n\t\t\t\t\t\t<div class=\"elementor-element elementor-element-63ffefa elementor-widget elementor-widget-heading\" data-id=\"63ffefa\" data-element_type=\"widget\" data-widget_type=\"heading.default\">\n\t\t\t\t<div class=\"elementor-widget-container\">\n\t\t\t<style>\/*! elementor - v3.21.0 - 08-05-2024 *\/\n.elementor-heading-title{padding:0;margin:0;line-height:1}.elementor-widget-heading .elementor-heading-title[class*=elementor-size-]>a{color:inherit;font-size:inherit;line-height:inherit}.elementor-widget-heading .elementor-heading-title.elementor-size-small{font-size:15px}.elementor-widget-heading .elementor-heading-title.elementor-size-medium{font-size:19px}.elementor-widget-heading .elementor-heading-title.elementor-size-large{font-size:29px}.elementor-widget-heading .elementor-heading-title.elementor-size-xl{font-size:39px}.elementor-widget-heading .elementor-heading-title.elementor-size-xxl{font-size:59px}<\/style><h2 class=\"elementor-heading-title elementor-size-default\">Sitios de Buceo en La Paz<\/h2>\t\t<\/div>\n\t\t\t\t<\/div>\n\t\t\t\t<div class=\"elementor-element elementor-element-4a78296 elementor-widget elementor-widget-text-editor\" data-id=\"4a78296\" data-element_type=\"widget\" data-widget_type=\"text-editor.default\">\n\t\t\t\t<div class=\"elementor-widget-container\">\n\t\t\t<style>\/*! elementor - v3.21.0 - 08-05-2024 *\/\n.elementor-widget-text-editor.elementor-drop-cap-view-stacked .elementor-drop-cap{background-color:#69727d;color:#fff}.elementor-widget-text-editor.elementor-drop-cap-view-framed .elementor-drop-cap{color:#69727d;border:3px solid;background-color:transparent}.elementor-widget-text-editor:not(.elementor-drop-cap-view-default) .elementor-drop-cap{margin-top:8px}.elementor-widget-text-editor:not(.elementor-drop-cap-view-default) .elementor-drop-cap-letter{width:1em;height:1em}.elementor-widget-text-editor .elementor-drop-cap{float:left;text-align:center;line-height:1;font-size:50px}.elementor-widget-text-editor .elementor-drop-cap-letter{display:inline-block}<\/style>\t\t\t\tPuedes encontrar un poco de informaci\u00f3n sobre los lugares disponibles para bucear.\t\t\t\t\t\t<\/div>\n\t\t\t\t<\/div>\n\t\t\t\t\t<\/div>\n\t\t<\/div>\n\t\t\t\t\t<\/div>\n\t\t<\/section>\n\t\t\t\t<section class=\"elementor-section elementor-top-section elementor-element elementor-element-9b53edd elementor-section-boxed elementor-section-height-default elementor-section-height-default\" data-id=\"9b53edd\" data-element_type=\"section\" data-settings=\"{&quot;jet_parallax_layout_list&quot;:[]}\">\n\t\t\t\t\t\t<div class=\"elementor-container elementor-column-gap-default\">\n\t\t\t\t\t<div class=\"elementor-column elementor-col-50 elementor-top-column elementor-element elementor-element-9215d65\" data-id=\"9215d65\" data-element_type=\"column\">\n\t\t\t<div class=\"elementor-widget-wrap elementor-element-populated\">\n\t\t\t\t\t\t<div class=\"elementor-element elementor-element-688e22c elementor-widget elementor-widget-image\" data-id=\"688e22c\" data-element_type=\"widget\" data-widget_type=\"image.default\">\n\t\t\t\t<div class=\"elementor-widget-container\">\n\t\t\t<style>\/*! elementor - v3.21.0 - 08-05-2024 *\/\n.elementor-widget-image{text-align:center}.elementor-widget-image a{display:inline-block}.elementor-widget-image a img[src$=\".svg\"]{width:48px}.elementor-widget-image img{vertical-align:middle;display:inline-block}<\/style>\t\t\t\t\t\t\t\t\t\t<img fetchpriority=\"high\" decoding=\"async\" width=\"600\" height=\"400\" src=\"https:\/\/bajadiving.com\/wp-content\/uploads\/2022\/02\/diving_sites_la_paz_img_1.jpg\" class=\"attachment-full size-full wp-image-429\" alt=\"\" srcset=\"https:\/\/bajadiving.com\/wp-content\/uploads\/2022\/02\/diving_sites_la_paz_img_1.jpg 600w, https:\/\/bajadiving.com\/wp-content\/uploads\/2022\/02\/diving_sites_la_paz_img_1-300x200.jpg 300w, https:\/\/bajadiving.com\/wp-content\/uploads\/2022\/02\/diving_sites_la_paz_img_1-18x12.jpg 18w\" sizes=\"(max-width: 600px) 100vw, 600px\" \/>\t\t\t\t\t\t\t\t\t\t\t\t\t<\/div>\n\t\t\t\t<\/div>\n\t\t\t\t\t<\/div>\n\t\t<\/div>\n\t\t\t\t<div class=\"elementor-column elementor-col-50 elementor-top-column elementor-element elementor-element-c0d0887\" data-id=\"c0d0887\" data-element_type=\"column\">\n\t\t\t<div class=\"elementor-widget-wrap elementor-element-populated\">\n\t\t\t\t\t\t<div class=\"elementor-element elementor-element-4aa899c elementor-widget elementor-widget-image\" data-id=\"4aa899c\" data-element_type=\"widget\" data-widget_type=\"image.default\">\n\t\t\t\t<div class=\"elementor-widget-container\">\n\t\t\t\t\t\t\t\t\t\t\t\t\t<img decoding=\"async\" width=\"158\" height=\"90\" src=\"https:\/\/bajadiving.com\/wp-content\/uploads\/2022\/02\/separador_baja_diving.png\" class=\"attachment-full size-full wp-image-75\" alt=\"\" \/>\t\t\t\t\t\t\t\t\t\t\t\t\t<\/div>\n\t\t\t\t<\/div>\n\t\t\t\t<div class=\"elementor-element elementor-element-cbe0c68 elementor-widget elementor-widget-heading\" data-id=\"cbe0c68\" data-element_type=\"widget\" data-widget_type=\"heading.default\">\n\t\t\t\t<div class=\"elementor-widget-container\">\n\t\t\t<h1 class=\"elementor-heading-title elementor-size-default\">La Salvatierra \"El Naufragio\"<\/h1>\t\t<\/div>\n\t\t\t\t<\/div>\n\t\t\t\t<div class=\"elementor-element elementor-element-bc9d467 elementor-widget elementor-widget-text-editor\" data-id=\"bc9d467\" data-element_type=\"widget\" data-widget_type=\"text-editor.default\">\n\t\t\t\t<div class=\"elementor-widget-container\">\n\t\t\t\t\t\t\t<p>Este sitio es el naufragio del transbordador de carga \"La Salvatierra\" (un ex-US Navy WWll LST) que se hundi\u00f3 en 1976 momentos despu\u00e9s de golpear Swanee Rock (posteriormente equipado con una luz de advertencia) de los cientos de pasajeros, no se perdi\u00f3 ni una vida y la Compa\u00f1\u00eda de Seguros en realidad pag\u00f3 a todos por sus p\u00e9rdidas... \u00a150 pesos a cada uno! El Salvatierra descansa sobre un fondo de arena a 60 pies de profundidad y est\u00e1 intacto aproximadamente en un 70 % con ambas h\u00e9lices expuestas. Muchos de los camiones que fueron su carga a\u00fan son visibles y sus llantas permanecen infladas hasta el d\u00eda de hoy. El naufragio ha formado un \"arrecife artificial\" que atrae a una gran variedad de vida marina. Esta es una inmersi\u00f3n en un naufragio interesante y agradable sin penetraci\u00f3n.<br \/>Subject to current.<\/p>\t\t\t\t\t\t<\/div>\n\t\t\t\t<\/div>\n\t\t\t\t\t<\/div>\n\t\t<\/div>\n\t\t\t\t\t<\/div>\n\t\t<\/section>\n\t\t\t\t<section class=\"elementor-section elementor-top-section elementor-element elementor-element-1eaf7aa elementor-reverse-mobile elementor-section-boxed elementor-section-height-default elementor-section-height-default\" data-id=\"1eaf7aa\" data-element_type=\"section\" data-settings=\"{&quot;jet_parallax_layout_list&quot;:[]}\">\n\t\t\t\t\t\t<div class=\"elementor-container elementor-column-gap-default\">\n\t\t\t\t\t<div class=\"elementor-column elementor-col-50 elementor-top-column elementor-element elementor-element-0fc780a\" data-id=\"0fc780a\" data-element_type=\"column\">\n\t\t\t<div class=\"elementor-widget-wrap elementor-element-populated\">\n\t\t\t\t\t\t<div class=\"elementor-element elementor-element-6eb1c2f elementor-widget elementor-widget-image\" data-id=\"6eb1c2f\" data-element_type=\"widget\" data-widget_type=\"image.default\">\n\t\t\t\t<div class=\"elementor-widget-container\">\n\t\t\t\t\t\t\t\t\t\t\t\t\t<img decoding=\"async\" width=\"158\" height=\"90\" src=\"https:\/\/bajadiving.com\/wp-content\/uploads\/2022\/02\/separador_baja_diving.png\" class=\"attachment-full size-full wp-image-75\" alt=\"\" \/>\t\t\t\t\t\t\t\t\t\t\t\t\t<\/div>\n\t\t\t\t<\/div>\n\t\t\t\t<div class=\"elementor-element elementor-element-3b690cb elementor-widget elementor-widget-heading\" data-id=\"3b690cb\" data-element_type=\"widget\" data-widget_type=\"heading.default\">\n\t\t\t\t<div class=\"elementor-widget-container\">\n\t\t\t<h1 class=\"elementor-heading-title elementor-size-default\">Rocas Lobos \"Sea Lion Rocks\"<\/h1>\t\t<\/div>\n\t\t\t\t<\/div>\n\t\t\t\t<div class=\"elementor-element elementor-element-ea05217 elementor-widget elementor-widget-text-editor\" data-id=\"ea05217\" data-element_type=\"widget\" data-widget_type=\"text-editor.default\">\n\t\t\t\t<div class=\"elementor-widget-container\">\n\t\t\t\t\t\t\tUn sitio de buceo local que cuenta con una gran cantidad de Coral Heads, peque\u00f1as cuevas y salientes. Este es nuestro sitio de buceo nocturno m\u00e1s popular, uno puede ver enormes peces loro (Scarus compressus) dormidos envueltos en su propio moco, escondiendo su olor de posibles depredadores y, al despertar, nadan libres del capullo. Una vez fue el hogar de una colonia de lobos marinos que ocasionalmente regresan a visitar su antiguo hogar. Hay una multitud de peces y varias especies de rayas enterradas en la arena circundante.\t\t\t\t\t\t<\/div>\n\t\t\t\t<\/div>\n\t\t\t\t\t<\/div>\n\t\t<\/div>\n\t\t\t\t<div class=\"elementor-column elementor-col-50 elementor-top-column elementor-element elementor-element-4f234b3\" data-id=\"4f234b3\" data-element_type=\"column\">\n\t\t\t<div class=\"elementor-widget-wrap elementor-element-populated\">\n\t\t\t\t\t\t<div class=\"elementor-element elementor-element-dfa02af elementor-widget elementor-widget-image\" data-id=\"dfa02af\" data-element_type=\"widget\" data-widget_type=\"image.default\">\n\t\t\t\t<div class=\"elementor-widget-container\">\n\t\t\t\t\t\t\t\t\t\t\t\t\t<img decoding=\"async\" width=\"600\" height=\"400\" src=\"https:\/\/bajadiving.com\/wp-content\/uploads\/2022\/02\/diving_sites_la_paz_img_2.jpg\" class=\"attachment-full size-full wp-image-430\" alt=\"\" srcset=\"https:\/\/bajadiving.com\/wp-content\/uploads\/2022\/02\/diving_sites_la_paz_img_2.jpg 600w, https:\/\/bajadiving.com\/wp-content\/uploads\/2022\/02\/diving_sites_la_paz_img_2-300x200.jpg 300w, https:\/\/bajadiving.com\/wp-content\/uploads\/2022\/02\/diving_sites_la_paz_img_2-18x12.jpg 18w\" sizes=\"(max-width: 600px) 100vw, 600px\" \/>\t\t\t\t\t\t\t\t\t\t\t\t\t<\/div>\n\t\t\t\t<\/div>\n\t\t\t\t\t<\/div>\n\t\t<\/div>\n\t\t\t\t\t<\/div>\n\t\t<\/section>\n\t\t\t\t<section class=\"elementor-section elementor-top-section elementor-element elementor-element-d90cffd elementor-section-boxed elementor-section-height-default elementor-section-height-default\" data-id=\"d90cffd\" data-element_type=\"section\" data-settings=\"{&quot;jet_parallax_layout_list&quot;:[]}\">\n\t\t\t\t\t\t<div class=\"elementor-container elementor-column-gap-default\">\n\t\t\t\t\t<div class=\"elementor-column elementor-col-50 elementor-top-column elementor-element elementor-element-ee1d6be\" data-id=\"ee1d6be\" data-element_type=\"column\">\n\t\t\t<div class=\"elementor-widget-wrap elementor-element-populated\">\n\t\t\t\t\t\t<div class=\"elementor-element elementor-element-cc31345 elementor-widget elementor-widget-image\" data-id=\"cc31345\" data-element_type=\"widget\" data-widget_type=\"image.default\">\n\t\t\t\t<div class=\"elementor-widget-container\">\n\t\t\t\t\t\t\t\t\t\t\t\t\t<img loading=\"lazy\" decoding=\"async\" width=\"600\" height=\"400\" src=\"https:\/\/bajadiving.com\/wp-content\/uploads\/2022\/02\/diving_sites_la_paz_img_3.jpg\" class=\"attachment-full size-full wp-image-431\" alt=\"\" srcset=\"https:\/\/bajadiving.com\/wp-content\/uploads\/2022\/02\/diving_sites_la_paz_img_3.jpg 600w, https:\/\/bajadiving.com\/wp-content\/uploads\/2022\/02\/diving_sites_la_paz_img_3-300x200.jpg 300w, https:\/\/bajadiving.com\/wp-content\/uploads\/2022\/02\/diving_sites_la_paz_img_3-18x12.jpg 18w\" sizes=\"(max-width: 600px) 100vw, 600px\" \/>\t\t\t\t\t\t\t\t\t\t\t\t\t<\/div>\n\t\t\t\t<\/div>\n\t\t\t\t\t<\/div>\n\t\t<\/div>\n\t\t\t\t<div class=\"elementor-column elementor-col-50 elementor-top-column elementor-element elementor-element-c2aa33d\" data-id=\"c2aa33d\" data-element_type=\"column\">\n\t\t\t<div class=\"elementor-widget-wrap elementor-element-populated\">\n\t\t\t\t\t\t<div class=\"elementor-element elementor-element-50808a9 elementor-widget elementor-widget-image\" data-id=\"50808a9\" data-element_type=\"widget\" data-widget_type=\"image.default\">\n\t\t\t\t<div class=\"elementor-widget-container\">\n\t\t\t\t\t\t\t\t\t\t\t\t\t<img decoding=\"async\" width=\"158\" height=\"90\" src=\"https:\/\/bajadiving.com\/wp-content\/uploads\/2022\/02\/separador_baja_diving.png\" class=\"attachment-full size-full wp-image-75\" alt=\"\" \/>\t\t\t\t\t\t\t\t\t\t\t\t\t<\/div>\n\t\t\t\t<\/div>\n\t\t\t\t<div class=\"elementor-element elementor-element-1711c50 elementor-widget elementor-widget-heading\" data-id=\"1711c50\" data-element_type=\"widget\" data-widget_type=\"heading.default\">\n\t\t\t\t<div class=\"elementor-widget-container\">\n\t\t\t<h1 class=\"elementor-heading-title elementor-size-default\">Los Barcos de Isla Gaviota \"Gaviota Wrecks\"<\/h1>\t\t<\/div>\n\t\t\t\t<\/div>\n\t\t\t\t<div class=\"elementor-element elementor-element-0902fe9 elementor-widget elementor-widget-text-editor\" data-id=\"0902fe9\" data-element_type=\"widget\" data-widget_type=\"text-editor.default\">\n\t\t\t\t<div class=\"elementor-widget-container\">\n\t\t\t\t\t\t\tJusto frente a la costa de Isla Gaviota (Isla Gaviota) en la bah\u00eda de La Paz, descendemos a entre 45 y 60 pies (14 a 18 metros) para explorar 2 botes de madera hundidos, con cierta penetraci\u00f3n que se han convertido en el hogar de mucha vida marina. Anenmone, el sargento mayor y la langosta se encuentran entre la abundante vida marina que se encuentra dentro y alrededor de los naufragios y la costa circundante y sus cuevas.\t\t\t\t\t\t<\/div>\n\t\t\t\t<\/div>\n\t\t\t\t\t<\/div>\n\t\t<\/div>\n\t\t\t\t\t<\/div>\n\t\t<\/section>\n\t\t\t\t<section class=\"elementor-section elementor-top-section elementor-element elementor-element-15d4c81 elementor-section-stretched elementor-section-boxed elementor-section-height-default elementor-section-height-default\" data-id=\"15d4c81\" data-element_type=\"section\" data-settings=\"{&quot;stretch_section&quot;:&quot;section-stretched&quot;,&quot;background_background&quot;:&quot;classic&quot;,&quot;shape_divider_bottom&quot;:&quot;mountains&quot;,&quot;jet_parallax_layout_list&quot;:[]}\">\n\t\t\t\t\t\t\t<div class=\"elementor-background-overlay\"><\/div>\n\t\t\t\t\t\t<div class=\"elementor-shape elementor-shape-bottom\" data-negative=\"false\">\n\t\t\t<svg xmlns=\"http:\/\/www.w3.org\/2000\/svg\" viewbox=\"0 0 1000 100\" preserveaspectratio=\"none\">\n\t<path class=\"elementor-shape-fill\" opacity=\"0.33\" d=\"M473,67.3c-203.9,88.3-263.1-34-320.3,0C66,119.1,0,59.7,0,59.7V0h1000v59.7 c0,0-62.1,26.1-94.9,29.3c-32.8,3.3-62.8-12.3-75.8-22.1C806,49.6,745.3,8.7,694.9,4.7S492.4,59,473,67.3z\"\/>\n\t<path class=\"elementor-shape-fill\" opacity=\"0.66\" d=\"M734,67.3c-45.5,0-77.2-23.2-129.1-39.1c-28.6-8.7-150.3-10.1-254,39.1 s-91.7-34.4-149.2,0C115.7,118.3,0,39.8,0,39.8V0h1000v36.5c0,0-28.2-18.5-92.1-18.5C810.2,18.1,775.7,67.3,734,67.3z\"\/>\n\t<path class=\"elementor-shape-fill\" d=\"M766.1,28.9c-200-57.5-266,65.5-395.1,19.5C242,1.8,242,5.4,184.8,20.6C128,35.8,132.3,44.9,89.9,52.5C28.6,63.7,0,0,0,0 h1000c0,0-9.9,40.9-83.6,48.1S829.6,47,766.1,28.9z\"\/>\n<\/svg>\t\t<\/div>\n\t\t\t\t\t<div class=\"elementor-container elementor-column-gap-default\">\n\t\t\t\t\t<div class=\"elementor-column elementor-col-100 elementor-top-column elementor-element elementor-element-8d2754e\" data-id=\"8d2754e\" data-element_type=\"column\">\n\t\t\t<div class=\"elementor-widget-wrap elementor-element-populated\">\n\t\t\t\t\t\t<div class=\"elementor-element elementor-element-f6d920d elementor-widget elementor-widget-image\" data-id=\"f6d920d\" data-element_type=\"widget\" data-widget_type=\"image.default\">\n\t\t\t\t<div class=\"elementor-widget-container\">\n\t\t\t\t\t\t\t\t\t\t\t\t\t<img decoding=\"async\" width=\"158\" height=\"90\" src=\"https:\/\/bajadiving.com\/wp-content\/uploads\/2022\/02\/separador_baja_diving.png\" class=\"attachment-full size-full wp-image-75\" alt=\"\" \/>\t\t\t\t\t\t\t\t\t\t\t\t\t<\/div>\n\t\t\t\t<\/div>\n\t\t\t\t<div class=\"elementor-element elementor-element-b55f019 elementor-widget elementor-widget-heading\" data-id=\"b55f019\" data-element_type=\"widget\" data-widget_type=\"heading.default\">\n\t\t\t\t<div class=\"elementor-widget-container\">\n\t\t\t<h2 class=\"elementor-heading-title elementor-size-default\">Quieres empezar<\/h2>\t\t<\/div>\n\t\t\t\t<\/div>\n\t\t\t\t<div class=\"elementor-element elementor-element-ee56735 elementor-widget elementor-widget-heading\" data-id=\"ee56735\" data-element_type=\"widget\" data-widget_type=\"heading.default\">\n\t\t\t\t<div class=\"elementor-widget-container\">\n\t\t\t<h2 class=\"elementor-heading-title elementor-size-default\">a bucear ahora?<\/h2>\t\t<\/div>\n\t\t\t\t<\/div>\n\t\t\t\t<div class=\"elementor-element elementor-element-2006f4f elementor-widget elementor-widget-text-editor\" data-id=\"2006f4f\" data-element_type=\"widget\" data-widget_type=\"text-editor.default\">\n\t\t\t\t<div class=\"elementor-widget-container\">\n\t\t\t\t\t\t\t<p>Queremos tratarte de la misma manera que nos gusta que nos traten cuando nos vamos de vacaciones de buceo: en familia, en un ambiente c\u00e1lido y acogedor. Nuestro galardonado resort de buceo privado se administra de acuerdo con nuestros principios personales, as\u00ed como con los est\u00e1ndares internacionales de seguridad y capacitaci\u00f3n.<\/p>\t\t\t\t\t\t<\/div>\n\t\t\t\t<\/div>\n\t\t\t\t<div class=\"elementor-element elementor-element-438cc51 elementor-align-center elementor-widget elementor-widget-button\" data-id=\"438cc51\" data-element_type=\"widget\" data-widget_type=\"button.default\">\n\t\t\t\t<div class=\"elementor-widget-container\">\n\t\t\t\t\t<div class=\"elementor-button-wrapper\">\n\t\t\t<a class=\"elementor-button elementor-button-link elementor-size-sm\" href=\"https:\/\/book.peek.com\/s\/ae392bef-42cf-4c7a-a99c-e96c1bb258c1\/xqkyz?gaClientId=776729147.1644943215\">\n\t\t\t\t\t\t<span class=\"elementor-button-content-wrapper\">\n\t\t\t\t\t\t<span class=\"elementor-button-icon elementor-align-icon-left\">\n\t\t\t\t<i aria-hidden=\"true\" class=\"far fa-calendar-check\"><\/i>\t\t\t<\/span>\n\t\t\t\t\t\t\t\t\t<span class=\"elementor-button-text\">RESERVA UN CURSO EN L\u00cdNEA<\/span>\n\t\t\t\t\t<\/span>\n\t\t\t\t\t<\/a>\n\t\t<\/div>\n\t\t\t\t<\/div>\n\t\t\t\t<\/div>\n\t\t\t\t\t<\/div>\n\t\t<\/div>\n\t\t\t\t\t<\/div>\n\t\t<\/section>\n\t\t\t\t<\/div>","protected":false},"excerpt":{"rendered":"<p>La Paz Dive Sites You can find a little information about the places available for diving. The Salvatierra &#8220;The Wreck&#8221; This site is the wreck of the cargo ferry &#8220;La Salvatierra&#8221; (an ex-U.S. Navy WWll LST) which sank in 1976 moments after striking Swanee Rock (subsequently fitted with a warning light) of the hundreds of [&hellip;]<\/p>","protected":false},"author":1,"featured_media":0,"parent":0,"menu_order":0,"comment_status":"closed","ping_status":"closed","template":"elementor_header_footer","meta":{"_acf_changed":false,"footnotes":""},"class_list":["post-360","page","type-page","status-publish","hentry"],"acf":[],"yoast_head":"<!-- This site is optimized with the Yoast SEO plugin v22.7 - https:\/\/yoast.com\/wordpress\/plugins\/seo\/ -->\n<title>La Paz - Baja Diving<\/title>\n<meta name=\"robots\" content=\"index, follow, max-snippet:-1, max-image-preview:large, max-video-preview:-1\" \/>\n<link rel=\"canonical\" href=\"https:\/\/bajadiving.com\/es\/la-paz\/\" \/>\n<meta property=\"og:locale\" content=\"es_MX\" \/>\n<meta property=\"og:type\" content=\"article\" \/>\n<meta property=\"og:title\" content=\"La Paz - Baja Diving\" \/>\n<meta property=\"og:description\" content=\"La Paz Dive Sites You can find a little information about the places available for diving. The Salvatierra &#8220;The Wreck&#8221; This site is the wreck of the cargo ferry &#8220;La Salvatierra&#8221; (an ex-U.S. Navy WWll LST) which sank in 1976 moments after striking Swanee Rock (subsequently fitted with a warning light) of the hundreds of [&hellip;]\" \/>\n<meta property=\"og:url\" content=\"https:\/\/bajadiving.com\/es\/la-paz\/\" \/>\n<meta property=\"og:site_name\" content=\"Baja Diving\" \/>\n<meta property=\"article:publisher\" content=\"https:\/\/www.facebook.com\/thecortezclub\/\" \/>\n<meta property=\"article:modified_time\" content=\"2022-03-29T18:42:10+00:00\" \/>\n<meta property=\"og:image\" content=\"https:\/\/bajadiving.com\/wp-content\/uploads\/2022\/02\/diving_sites_la_paz_img_1.jpg\" \/>\n<meta name=\"twitter:card\" content=\"summary_large_image\" \/>\n<meta name=\"twitter:site\" content=\"@cortezclub\" \/>\n<meta name=\"twitter:label1\" content=\"Tiempo de lectura\" \/>\n\t<meta name=\"twitter:data1\" content=\"2 minutos\" \/>\n<script type=\"application\/ld+json\" class=\"yoast-schema-graph\">{\"@context\":\"https:\/\/schema.org\",\"@graph\":[{\"@type\":\"WebPage\",\"@id\":\"https:\/\/bajadiving.com\/la-paz\/\",\"url\":\"https:\/\/bajadiving.com\/la-paz\/\",\"name\":\"La Paz - Baja Diving\",\"isPartOf\":{\"@id\":\"https:\/\/bajadiving.com\/#website\"},\"primaryImageOfPage\":{\"@id\":\"https:\/\/bajadiving.com\/la-paz\/#primaryimage\"},\"image\":{\"@id\":\"https:\/\/bajadiving.com\/la-paz\/#primaryimage\"},\"thumbnailUrl\":\"https:\/\/bajadiving.com\/wp-content\/uploads\/2022\/02\/diving_sites_la_paz_img_1.jpg\",\"datePublished\":\"2022-02-17T21:47:36+00:00\",\"dateModified\":\"2022-03-29T18:42:10+00:00\",\"breadcrumb\":{\"@id\":\"https:\/\/bajadiving.com\/la-paz\/#breadcrumb\"},\"inLanguage\":\"es\",\"potentialAction\":[{\"@type\":\"ReadAction\",\"target\":[\"https:\/\/bajadiving.com\/la-paz\/\"]}]},{\"@type\":\"ImageObject\",\"inLanguage\":\"es\",\"@id\":\"https:\/\/bajadiving.com\/la-paz\/#primaryimage\",\"url\":\"https:\/\/bajadiving.com\/wp-content\/uploads\/2022\/02\/diving_sites_la_paz_img_1.jpg\",\"contentUrl\":\"https:\/\/bajadiving.com\/wp-content\/uploads\/2022\/02\/diving_sites_la_paz_img_1.jpg\"},{\"@type\":\"BreadcrumbList\",\"@id\":\"https:\/\/bajadiving.com\/la-paz\/#breadcrumb\",\"itemListElement\":[{\"@type\":\"ListItem\",\"position\":1,\"name\":\"Home\",\"item\":\"https:\/\/bajadiving.com\/\"},{\"@type\":\"ListItem\",\"position\":2,\"name\":\"La Paz\"}]},{\"@type\":\"WebSite\",\"@id\":\"https:\/\/bajadiving.com\/#website\",\"url\":\"https:\/\/bajadiving.com\/\",\"name\":\"Baja Diving\",\"description\":\"Scuba Diving Courses in Baja California\",\"potentialAction\":[{\"@type\":\"SearchAction\",\"target\":{\"@type\":\"EntryPoint\",\"urlTemplate\":\"https:\/\/bajadiving.com\/?s={search_term_string}\"},\"query-input\":\"required name=search_term_string\"}],\"inLanguage\":\"es\"}]}<\/script>\n<!-- \/ Yoast SEO plugin. -->","yoast_head_json":{"title":"La Paz - Baja Diving","robots":{"index":"index","follow":"follow","max-snippet":"max-snippet:-1","max-image-preview":"max-image-preview:large","max-video-preview":"max-video-preview:-1"},"canonical":"https:\/\/bajadiving.com\/es\/la-paz\/","og_locale":"es_MX","og_type":"article","og_title":"La Paz - Baja Diving","og_description":"La Paz Dive Sites You can find a little information about the places available for diving. The Salvatierra &#8220;The Wreck&#8221; This site is the wreck of the cargo ferry &#8220;La Salvatierra&#8221; (an ex-U.S. Navy WWll LST) which sank in 1976 moments after striking Swanee Rock (subsequently fitted with a warning light) of the hundreds of [&hellip;]","og_url":"https:\/\/bajadiving.com\/es\/la-paz\/","og_site_name":"Baja Diving","article_publisher":"https:\/\/www.facebook.com\/thecortezclub\/","article_modified_time":"2022-03-29T18:42:10+00:00","og_image":[{"url":"https:\/\/bajadiving.com\/wp-content\/uploads\/2022\/02\/diving_sites_la_paz_img_1.jpg"}],"twitter_card":"summary_large_image","twitter_site":"@cortezclub","twitter_misc":{"Tiempo de lectura":"2 minutos"},"schema":{"@context":"https:\/\/schema.org","@graph":[{"@type":"WebPage","@id":"https:\/\/bajadiving.com\/la-paz\/","url":"https:\/\/bajadiving.com\/la-paz\/","name":"La Paz - Baja Diving","isPartOf":{"@id":"https:\/\/bajadiving.com\/#website"},"primaryImageOfPage":{"@id":"https:\/\/bajadiving.com\/la-paz\/#primaryimage"},"image":{"@id":"https:\/\/bajadiving.com\/la-paz\/#primaryimage"},"thumbnailUrl":"https:\/\/bajadiving.com\/wp-content\/uploads\/2022\/02\/diving_sites_la_paz_img_1.jpg","datePublished":"2022-02-17T21:47:36+00:00","dateModified":"2022-03-29T18:42:10+00:00","breadcrumb":{"@id":"https:\/\/bajadiving.com\/la-paz\/#breadcrumb"},"inLanguage":"es","potentialAction":[{"@type":"ReadAction","target":["https:\/\/bajadiving.com\/la-paz\/"]}]},{"@type":"ImageObject","inLanguage":"es","@id":"https:\/\/bajadiving.com\/la-paz\/#primaryimage","url":"https:\/\/bajadiving.com\/wp-content\/uploads\/2022\/02\/diving_sites_la_paz_img_1.jpg","contentUrl":"https:\/\/bajadiving.com\/wp-content\/uploads\/2022\/02\/diving_sites_la_paz_img_1.jpg"},{"@type":"BreadcrumbList","@id":"https:\/\/bajadiving.com\/la-paz\/#breadcrumb","itemListElement":[{"@type":"ListItem","position":1,"name":"Home","item":"https:\/\/bajadiving.com\/"},{"@type":"ListItem","position":2,"name":"La Paz"}]},{"@type":"WebSite","@id":"https:\/\/bajadiving.com\/#website","url":"https:\/\/bajadiving.com\/","name":"Baja Diving","description":"Scuba Diving Courses in Baja California","potentialAction":[{"@type":"SearchAction","target":{"@type":"EntryPoint","urlTemplate":"https:\/\/bajadiving.com\/?s={search_term_string}"},"query-input":"required name=search_term_string"}],"inLanguage":"es"}]}},"_links":{"self":[{"href":"https:\/\/bajadiving.com\/es\/wp-json\/wp\/v2\/pages\/360","targetHints":{"allow":["GET"]}}],"collection":[{"href":"https:\/\/bajadiving.com\/es\/wp-json\/wp\/v2\/pages"}],"about":[{"href":"https:\/\/bajadiving.com\/es\/wp-json\/wp\/v2\/types\/page"}],"author":[{"embeddable":true,"href":"https:\/\/bajadiving.com\/es\/wp-json\/wp\/v2\/users\/1"}],"replies":[{"embeddable":true,"href":"https:\/\/bajadiving.com\/es\/wp-json\/wp\/v2\/comments?post=360"}],"version-history":[{"count":10,"href":"https:\/\/bajadiving.com\/es\/wp-json\/wp\/v2\/pages\/360\/revisions"}],"predecessor-version":[{"id":723,"href":"https:\/\/bajadiving.com\/es\/wp-json\/wp\/v2\/pages\/360\/revisions\/723"}],"wp:attachment":[{"href":"https:\/\/bajadiving.com\/es\/wp-json\/wp\/v2\/media?parent=360"}],"curies":[{"name":"wp","href":"https:\/\/api.w.org\/{rel}","templated":true}]}}